{"id":31752,"date":"2021-08-26T14:58:58","date_gmt":"2021-08-26T18:58:58","guid":{"rendered":"https:\/\/usmydrap.wpengine.com\/cookies\/"},"modified":"2022-08-22T09:59:25","modified_gmt":"2022-08-22T13:59:25","slug":"cookies","status":"publish","type":"page","link":"https:\/\/us.mydrap.com\/fr\/cookies\/","title":{"rendered":"Cookies"},"content":{"rendered":"\n<p>Cookies : qu&rsquo;est-ce que c&rsquo;est ? Lesquelles utilisons-nous et dans quel but ?<br>www.ca.mydrap.com utilise ses propres cookies et ceux de tiers. Les cookies sont de petits fichiers cr\u00e9\u00e9s dans le navigateur de l&rsquo;utilisateur, dont le but est d&rsquo;enregistrer exclusivement les pr\u00e9f\u00e9rences de l&rsquo;utilisateur (langue, pays, d\u00e9but de session, caract\u00e9ristiques de son navigateur, informations sur l&rsquo;utilisation du site, etc.), et\/ou reconna\u00eetre les utilisateurs enregistr\u00e9s, afin de leur permettre de travailler de mani\u00e8re fluide et personnalis\u00e9e.<\/p>\n\n\n\n<p>Ils peuvent \u00e9galement \u00eatre utilis\u00e9s pour obtenir des informations sur la date et l&rsquo;heure de la derni\u00e8re visite des utilisateurs, mesurer certains param\u00e8tres de trafic au sein m\u00eame du site et estimer le nombre de visites quotidiennes effectu\u00e9es, afin de mieux cibler et ajuster les services. En bref, les cookies peuvent \u00e9galement aider MY DRAP \u00e0 obtenir des informations statistiques sur son site Internet. L&rsquo;utilisateur doit \u00eatre conscient que des donn\u00e9es sont collect\u00e9es sur les mouvements et les utilisations du site Web, telles que des donn\u00e9es statistiques et anonymes, mais pas personnelles.<\/p>\n\n\n\n<p>L&rsquo;utilisateur, du simple fait de naviguer et de continuer \u00e0 utiliser le site Web, consent \u00e0 l&rsquo;utilisation des cookies, qui sont expliqu\u00e9s ci-dessous ainsi que la politique actuelle en mati\u00e8re de cookies.<\/p>\n\n\n\n<p>Cookies pr\u00e9sents sur www.ca.mydrap.com :<\/p>\n\n\n\n<figure class=\"wp-block-table\"><table><tbody><tr><td><strong>Nom<\/strong><\/td><td><strong>Propre\/tiers<\/strong><\/td><td><strong>Description<\/strong><\/td><td><strong>Dur\u00e9e<\/strong><\/td><\/tr><tr><td>Pll_language<\/td><td>Propre<\/td><td>Cookie utilis\u00e9 pour d\u00e9finir la langue lors de la navigation<\/td><td>Session<\/td><\/tr><tr><td>_ga<\/td><td>Tiers (Google Analytics)<\/td><td>Ces cookies sont utilis\u00e9s pour distinguer les utilisateurs.<\/td><td>2 ans<\/td><\/tr><tr><td>_gat<\/td><td>Tiers (Google Analytics)<\/td><td>Il permet de diff\u00e9rencier les diff\u00e9rents objets de surveillance cr\u00e9\u00e9s au cours de la session. Le cookie est cr\u00e9\u00e9 en chargeant la biblioth\u00e8que JavaScript et il n&rsquo;y a pas de version ant\u00e9rieure du cookie _gat. Le cookie est mis \u00e0 jour \u00e0 chaque fois que les donn\u00e9es sont envoy\u00e9es \u00e0 Google Analytics<\/td><td>10 minutes \u00e0 partir de la cr\u00e9ation ou de la modification<\/td><\/tr><tr><td>_gid<\/td><td>Tiers (Google Analytics)<\/td><td>Ces cookies sont utilis\u00e9s pour distinguer l&rsquo;utilisateur<\/td><td>Session<\/td><\/tr><\/tbody><\/table><\/figure>\n\n\n\n<h4 class=\"wp-block-heading\">Autoriser, bloquer ou supprimer les cookies.<\/h4>\n\n\n\n<p>Ce site ne n\u00e9cessite pas l&rsquo;installation de cookies. L&rsquo;utilisateur peut refuser de les accepter ou configurer son ordinateur pour les bloquer et, s&rsquo;il le souhaite, les \u00e9liminer. Dans le navigateur Web, l&rsquo;utilisateur peut trouver les instructions de s\u00e9curit\u00e9 n\u00e9cessaires pour entreprendre ces actions.<\/p>\n\n\n\n<p>Exemples:<\/p>\n\n\n\n<ul class=\"wp-block-list\"><li>Si vous utilisez Microsoft Internet Explorer, dans l&rsquo;option de menu Outils &gt; Options Internet &gt; Confidentialit\u00e9 &gt; Param\u00e8tres.<\/li><li>Si vous utilisez Firefox, dans l&rsquo;option de menu Outils &gt; Options &gt; Confidentialit\u00e9 &gt; Cookies.<\/li><li>Si vous utilisez Google Chrome, dans l&rsquo;option Param\u00e8tres &gt; Confidentialit\u00e9<\/li><li>Si vous utilisez Safari, dans le menu Pr\u00e9f\u00e9rences &gt; S\u00e9curit\u00e9<\/li><\/ul>\n\n\n\n<p>Vous pouvez utiliser la section \u00ab&nbsp;Aide&nbsp;\u00bb que vous trouverez sur la barre d&rsquo;outils de la plupart des navigateurs pour modifier les param\u00e8tres de votre ordinateur, mais certaines des caract\u00e9ristiques des services propos\u00e9s sur le site Web peuvent ne pas fonctionner ou peuvent \u00eatre compliqu\u00e9es et lentes \u00e0 acc\u00e9der si vous refusez tous les cookies.<\/p>\n\n\n\n<p>De nombreux navigateurs vous permettent d&rsquo;activer un mode priv\u00e9 gr\u00e2ce auquel les cookies sont toujours effac\u00e9s apr\u00e8s votre visite. Selon chaque navigateur, ce mode priv\u00e9 peut avoir des noms diff\u00e9rents : voici une liste des navigateurs les plus courants et les diff\u00e9rents noms de ce \u00ab mode priv\u00e9 \u00bb :<\/p>\n\n\n\n<ul class=\"wp-block-list\"><li><a href=\"https:\/\/windows.microsoft.com\/es-es\/internet-explorer\/products\/ie-9\/features\/in-private\" target=\"_blank\" rel=\"noopener\">Internet Explorer: InPrivate<\/a><\/li><li><a href=\"https:\/\/support.mozilla.org\/es\/kb\/navegacion-privada-navega-en-la-web-sin-guardar-in\" target=\"_blank\" rel=\"noopener\">FireFox: Navegaci\u00f3n Privada<\/a><\/li><li><a href=\"https:\/\/support.google.com\/chrome\/answer\/95464?hl=es\" target=\"_blank\" rel=\"noopener\">Google Chrome: Inc\u00f3gnito<\/a><\/li><li><a href=\"https:\/\/support.apple.com\/kb\/PH17168?viewlocale=es_ES\" target=\"_blank\" rel=\"noopener\">Safari: Navegaci\u00f3n Privada<\/a><\/li><li><a href=\"https:\/\/help.opera.com\/Windows\/12.00\/es-ES\/private.html\" target=\"_blank\" rel=\"noopener\">Opera: Navegaci\u00f3n Privada<\/a><\/li><\/ul>\n\n\n\n<p>Veuillez lire attentivement la section d&rsquo;aide de votre navigateur pour mieux savoir comment activer le \u00ab mode priv\u00e9 \u00bb. Vous continuerez \u00e0 pouvoir visiter notre site Web m\u00eame si votre navigateur est en \u00ab mode priv\u00e9 \u00bb. N\u00e9anmoins, l&rsquo;exp\u00e9rience de l&rsquo;utilisateur peut ne pas \u00eatre optimale et certains outils peuvent ne pas fonctionner.<\/p>\n\n\n\n<p>Dans le cas o\u00f9 vous utilisez un param\u00e8tre de s\u00e9curit\u00e9 moyenne ou faible permettant l&rsquo;installation automatique de cookies pour naviguer sur notre site, nous consid\u00e9rons que vous consentez tacitement \u00e0 leur installation.<\/p>\n","protected":false},"excerpt":{"rendered":"Cookies : qu&rsquo;est-ce que c&rsquo;est ? Lesquelles utilisons-nous et dans quel but ?www.ca.mydrap.com utilise ses propres cookies et ceux de tiers. Les cookies sont de [&hellip;]","protected":false},"author":1,"featured_media":0,"parent":0,"menu_order":0,"comment_status":"closed","ping_status":"closed","template":"templates\/static.php","meta":{"_acf_changed":false,"_glsr_average":0,"_glsr_ranking":0,"_glsr_reviews":0,"footnotes":""},"class_list":["post-31752","page","type-page","status-publish","hentry"],"acf":[],"_links":{"self":[{"href":"https:\/\/us.mydrap.com\/fr\/wp-json\/wp\/v2\/pages\/31752","targetHints":{"allow":["GET"]}}],"collection":[{"href":"https:\/\/us.mydrap.com\/fr\/wp-json\/wp\/v2\/pages"}],"about":[{"href":"https:\/\/us.mydrap.com\/fr\/wp-json\/wp\/v2\/types\/page"}],"author":[{"embeddable":true,"href":"https:\/\/us.mydrap.com\/fr\/wp-json\/wp\/v2\/users\/1"}],"replies":[{"embeddable":true,"href":"https:\/\/us.mydrap.com\/fr\/wp-json\/wp\/v2\/comments?post=31752"}],"version-history":[{"count":0,"href":"https:\/\/us.mydrap.com\/fr\/wp-json\/wp\/v2\/pages\/31752\/revisions"}],"wp:attachment":[{"href":"https:\/\/us.mydrap.com\/fr\/wp-json\/wp\/v2\/media?parent=31752"}],"curies":[{"name":"wp","href":"https:\/\/api.w.org\/{rel}","templated":true}]}}