{"id":34288,"date":"2021-11-30T13:32:38","date_gmt":"2021-11-30T18:32:38","guid":{"rendered":"https:\/\/us.mydrap.com\/product\/cocktail-4-3x-4-3-white-custom-printed-cotton-napkins-50-units\/"},"modified":"2024-10-20T09:09:28","modified_gmt":"2024-10-20T13:09:28","slug":"cocktail-4-3x-4-3-white-custom-printed-cotton-napkins-50-units","status":"publish","type":"product","link":"https:\/\/us.mydrap.com\/fr\/product\/cocktail-4-3x-4-3-white-custom-printed-cotton-napkins-50-units\/","title":{"rendered":"Cocktail (4,3&Prime;x 4,3&Prime;) Serviettes en coton imprim\u00e9es sur mesure, blanches, 50 unit\u00e9s"},"content":{"rendered":"<h2><strong>Serviettes de cocktail personnalis\u00e9es 100 % coton de qualit\u00e9 sup\u00e9rieure.<\/strong><\/h2>\n<h2><\/h2>\n<p><span style=\"font-weight: 400;\">Notre puissant outil de personnalisation en ligne vous permet d&rsquo;\u00eatre l&rsquo;artiste. T\u00e9l\u00e9chargez votre propre illustration et utilisez des polices personnalis\u00e9es pour ajouter votre propre texte. Laissez vos serviettes personnalis\u00e9es parler pour vous. Lorsque vous \u00eates satisfait de votre cr\u00e9ation, ajoutez simplement votre design au panier et passez \u00e0 la caisse. Laisser votre empreinte n&rsquo;a jamais \u00e9t\u00e9 aussi facile.<\/span><\/p>\n<h2><\/h2>\n<p><span style=\"font-weight: 400;\">Nos serviettes 100 % coton de qualit\u00e9 sup\u00e9rieure contiennent une texture sans couture qui est douce au toucher et tr\u00e8s absorbante. Eco-responsable, chaque serviette MY DRAP peut \u00eatre \u00e0 la fois \u00e0 usage unique (compostable), ou r\u00e9utilisable (lavable). \u00c0 4,3 \u00d7 4,3 pouces, ils sont parfaits comme serviettes pour les cocktails et les ap\u00e9ritifs, ou comme sous-verres dans des r\u00e9unions plus formelles.<\/span><\/p>\n<h2><\/h2>\n<p><span style=\"font-weight: 400;\">Nos serviettes en coton cr\u00e8me personnalis\u00e9es sont livr\u00e9es dans des enveloppes refermables et emball\u00e9es \u00e0 plat, pour votre commodit\u00e9. Combinez-les avec d&rsquo;autres serviettes de diff\u00e9rentes tailles et couleurs de notre collection Basics, ou m\u00e9langez et assortissez les motifs avec notre gamme \u00e9clectique de collections Designer.<\/span><\/p>\n<h2><\/h2>\n<p><span style=\"font-weight: 400;\">Les serviettes en coton personnalis\u00e9es MY DRAP vous permettent d&rsquo;habiller votre table de mani\u00e8re ludique, \u00e9l\u00e9gante et cr\u00e9ative. Pour les r\u00e9unions de famille, les retrouvailles entre amis, les \u00e9v\u00e9nements formels, ou pour un usage professionnel dans les m\u00e9tiers de la restauration, de l&rsquo;h\u00f4tellerie, de l&rsquo;\u00e9v\u00e9nementiel et de la restauration, MY DRAP est le d\u00e9tail qui fait la diff\u00e9rence.<\/span><\/p>\n","protected":false},"excerpt":{"rendered":"Emball\u00e9 \u00e0 plat dans des enveloppes refermables. 4.3 x 4.3 in \/ 11 x 11 cm","protected":false},"featured_media":60510,"comment_status":"closed","ping_status":"closed","template":"","meta":{"_acf_changed":false,"_glsr_average":5,"_glsr_ranking":3.9285714285714,"_glsr_reviews":4},"product_brand":[],"product_cat":[257],"product_tag":[],"woo-feed-brand":[],"class_list":{"0":"post-34288","1":"product","2":"type-product","3":"status-publish","4":"has-post-thumbnail","6":"product_cat-custom-products-fr","8":"first","9":"instock","10":"featured","11":"taxable","12":"shipping-taxable","13":"purchasable","14":"product-type-simple"},"acf":[],"gallery_images":[31703,89456,89457,89458,89459,89460,88376],"_links":{"self":[{"href":"https:\/\/us.mydrap.com\/fr\/wp-json\/wp\/v2\/product\/34288","targetHints":{"allow":["GET"]}}],"collection":[{"href":"https:\/\/us.mydrap.com\/fr\/wp-json\/wp\/v2\/product"}],"about":[{"href":"https:\/\/us.mydrap.com\/fr\/wp-json\/wp\/v2\/types\/product"}],"replies":[{"embeddable":true,"href":"https:\/\/us.mydrap.com\/fr\/wp-json\/wp\/v2\/comments?post=34288"}],"wp:featuredmedia":[{"embeddable":true,"href":"https:\/\/us.mydrap.com\/fr\/wp-json\/wp\/v2\/media\/60510"}],"wp:attachment":[{"href":"https:\/\/us.mydrap.com\/fr\/wp-json\/wp\/v2\/media?parent=34288"}],"wp:term":[{"taxonomy":"product_brand","embeddable":true,"href":"https:\/\/us.mydrap.com\/fr\/wp-json\/wp\/v2\/product_brand?post=34288"},{"taxonomy":"product_cat","embeddable":true,"href":"https:\/\/us.mydrap.com\/fr\/wp-json\/wp\/v2\/product_cat?post=34288"},{"taxonomy":"product_tag","embeddable":true,"href":"https:\/\/us.mydrap.com\/fr\/wp-json\/wp\/v2\/product_tag?post=34288"},{"taxonomy":"woo-feed-brand","embeddable":true,"href":"https:\/\/us.mydrap.com\/fr\/wp-json\/wp\/v2\/woo-feed-brand?post=34288"}],"curies":[{"name":"wp","href":"https:\/\/api.w.org\/{rel}","templated":true}]}}