{"id":34378,"date":"2022-01-20T17:29:09","date_gmt":"2022-01-20T22:29:09","guid":{"rendered":"https:\/\/us.mydrap.com\/product\/royal-blue-cotton-luncheon-napkins-25-units\/"},"modified":"2022-08-18T13:19:38","modified_gmt":"2022-08-18T17:19:38","slug":"royal-blue-cotton-luncheon-napkins-25-units","status":"publish","type":"product","link":"https:\/\/us.mydrap.com\/fr\/product\/royal-blue-cotton-luncheon-napkins-25-units\/","title":{"rendered":"Royal Blue Coton Serviettes de table 25 Unites"},"content":{"rendered":"<p>Les Serviettes de table Royal Blue MY DRAP sont sans couture, agr\u00e9ables au toucher et tr\u00e8s absorbantes. Ils sont r\u00e9utilisables (lavables) et, pour votre commodit\u00e9, sont pr\u00e9sent\u00e9s en rouleaux et en unit\u00e9s pr\u00e9d\u00e9coup\u00e9es, ce qui les rend faciles \u00e0 utiliser. Ces Serviettes de table Royal Blue sont une taille de 20&#215;20 cm et vous pouvez les combiner avec d&rsquo;autres produits de la m\u00eame collection, ou avec des sets de table et d&rsquo;autres serviettes de tailles et de couleurs diff\u00e9rentes. Ils contiennent 25 unit\u00e9s parfaitement repass\u00e9es et pr\u00eates \u00e0 \u00eatre utilis\u00e9es \u00e0 tout moment.<\/p>\n","protected":false},"excerpt":{"rendered":"MY DRAP Serviettes de table 20x20cm &#8211; (  25 Per Roll, Coton Royal Blue )","protected":false},"featured_media":33283,"comment_status":"open","ping_status":"closed","template":"","meta":{"_acf_changed":false,"_glsr_average":0,"_glsr_ranking":0,"_glsr_reviews":0},"product_brand":[],"product_cat":[256],"product_tag":[],"woo-feed-brand":[],"class_list":{"0":"post-34378","1":"product","2":"type-product","3":"status-publish","4":"has-post-thumbnail","6":"product_cat-cotton-luncheon-napkins-fr","8":"first","9":"instock","10":"taxable","11":"shipping-taxable","12":"purchasable","13":"product-type-simple"},"acf":[],"gallery_images":[33079],"_links":{"self":[{"href":"https:\/\/us.mydrap.com\/fr\/wp-json\/wp\/v2\/product\/34378","targetHints":{"allow":["GET"]}}],"collection":[{"href":"https:\/\/us.mydrap.com\/fr\/wp-json\/wp\/v2\/product"}],"about":[{"href":"https:\/\/us.mydrap.com\/fr\/wp-json\/wp\/v2\/types\/product"}],"replies":[{"embeddable":true,"href":"https:\/\/us.mydrap.com\/fr\/wp-json\/wp\/v2\/comments?post=34378"}],"wp:featuredmedia":[{"embeddable":true,"href":"https:\/\/us.mydrap.com\/fr\/wp-json\/wp\/v2\/media\/33283"}],"wp:attachment":[{"href":"https:\/\/us.mydrap.com\/fr\/wp-json\/wp\/v2\/media?parent=34378"}],"wp:term":[{"taxonomy":"product_brand","embeddable":true,"href":"https:\/\/us.mydrap.com\/fr\/wp-json\/wp\/v2\/product_brand?post=34378"},{"taxonomy":"product_cat","embeddable":true,"href":"https:\/\/us.mydrap.com\/fr\/wp-json\/wp\/v2\/product_cat?post=34378"},{"taxonomy":"product_tag","embeddable":true,"href":"https:\/\/us.mydrap.com\/fr\/wp-json\/wp\/v2\/product_tag?post=34378"},{"taxonomy":"woo-feed-brand","embeddable":true,"href":"https:\/\/us.mydrap.com\/fr\/wp-json\/wp\/v2\/woo-feed-brand?post=34378"}],"curies":[{"name":"wp","href":"https:\/\/api.w.org\/{rel}","templated":true}]}}