{"id":34449,"date":"2022-01-20T17:24:27","date_gmt":"2022-01-20T22:24:27","guid":{"rendered":"https:\/\/us.mydrap.com\/?post_type=product&#038;p=34449"},"modified":"2023-12-13T11:08:33","modified_gmt":"2023-12-13T16:08:33","slug":"pistache-cotton-dinner-napkins-12-units","status":"publish","type":"product","link":"https:\/\/us.mydrap.com\/fr\/product\/pistache-cotton-dinner-napkins-12-units\/","title":{"rendered":"Pistache Coton Serviettes de table 12 Unites"},"content":{"rendered":"<p>Les Serviettes de table Pistache MY DRAP sont sans couture, agr\u00e9ables au toucher et tr\u00e8s absorbantes. Ils sont r\u00e9utilisables (lavables) et, pour votre commodit\u00e9, sont pr\u00e9sent\u00e9s en rouleaux et en unit\u00e9s pr\u00e9d\u00e9coup\u00e9es, ce qui les rend faciles \u00e0 utiliser. Ces Serviettes de table Pistache sont une taille de 32&#215;32 cm et vous pouvez les combiner avec d&rsquo;autres produits de la m\u00eame collection, ou avec des sets de table et d&rsquo;autres serviettes de tailles et de couleurs diff\u00e9rentes. Ils contiennent 12 unit\u00e9s parfaitement repass\u00e9es et pr\u00eates \u00e0 \u00eatre utilis\u00e9es \u00e0 tout moment.<\/p>\n","protected":false},"excerpt":{"rendered":"MY DRAP Serviettes de table 32x32cm &#8211; (  12 Per Roll, Coton Pistache )","protected":false},"featured_media":0,"comment_status":"closed","ping_status":"closed","template":"","meta":{"_acf_changed":false,"_glsr_average":0,"_glsr_ranking":0,"_glsr_reviews":0},"product_brand":[],"product_cat":[261],"product_tag":[],"woo-feed-brand":[],"class_list":{"0":"post-34449","1":"product","2":"type-product","3":"status-publish","5":"product_cat-cotton-dinner-napkins-fr","6":"style-solid-colors","8":"first","9":"instock","10":"taxable","11":"shipping-taxable","12":"product-type-simple"},"acf":[],"gallery_images":[],"_links":{"self":[{"href":"https:\/\/us.mydrap.com\/fr\/wp-json\/wp\/v2\/product\/34449","targetHints":{"allow":["GET"]}}],"collection":[{"href":"https:\/\/us.mydrap.com\/fr\/wp-json\/wp\/v2\/product"}],"about":[{"href":"https:\/\/us.mydrap.com\/fr\/wp-json\/wp\/v2\/types\/product"}],"replies":[{"embeddable":true,"href":"https:\/\/us.mydrap.com\/fr\/wp-json\/wp\/v2\/comments?post=34449"}],"wp:attachment":[{"href":"https:\/\/us.mydrap.com\/fr\/wp-json\/wp\/v2\/media?parent=34449"}],"wp:term":[{"taxonomy":"product_brand","embeddable":true,"href":"https:\/\/us.mydrap.com\/fr\/wp-json\/wp\/v2\/product_brand?post=34449"},{"taxonomy":"product_cat","embeddable":true,"href":"https:\/\/us.mydrap.com\/fr\/wp-json\/wp\/v2\/product_cat?post=34449"},{"taxonomy":"product_tag","embeddable":true,"href":"https:\/\/us.mydrap.com\/fr\/wp-json\/wp\/v2\/product_tag?post=34449"},{"taxonomy":"woo-feed-brand","embeddable":true,"href":"https:\/\/us.mydrap.com\/fr\/wp-json\/wp\/v2\/woo-feed-brand?post=34449"}],"curies":[{"name":"wp","href":"https:\/\/api.w.org\/{rel}","templated":true}]}}