{"id":34564,"date":"2022-01-20T17:31:17","date_gmt":"2022-01-20T22:31:17","guid":{"rendered":"https:\/\/us.mydrap.com\/product\/grey-cotton-cocktail-napkins-50-units\/"},"modified":"2022-11-29T09:35:32","modified_gmt":"2022-11-29T14:35:32","slug":"grey-cotton-cocktail-napkins-50-units","status":"publish","type":"product","link":"https:\/\/us.mydrap.com\/fr\/product\/grey-cotton-cocktail-napkins-50-units\/","title":{"rendered":"Grey Coton Serviettes de table 50 Unites"},"content":{"rendered":"<p>Les Serviettes de table Grey MY DRAP sont sans couture, agr\u00e9ables au toucher et tr\u00e8s absorbantes. Ils sont r\u00e9utilisables (lavables) et, pour votre commodit\u00e9, sont pr\u00e9sent\u00e9s en rouleaux et en unit\u00e9s pr\u00e9d\u00e9coup\u00e9es, ce qui les rend faciles \u00e0 utiliser. Ces Serviettes de table Grey sont une taille de 11&#215;11 cm et vous pouvez les combiner avec d&rsquo;autres produits de la m\u00eame collection, ou avec des sets de table et d&rsquo;autres serviettes de tailles et de couleurs diff\u00e9rentes. Ils contiennent 50 unit\u00e9s parfaitement repass\u00e9es et pr\u00eates \u00e0 \u00eatre utilis\u00e9es \u00e0 tout moment.<\/p>\n","protected":false},"excerpt":{"rendered":"MY DRAP Serviettes de table 11x11cm &#8211; ( 50 Per Roll, Coton Grey )","protected":false},"featured_media":33396,"comment_status":"closed","ping_status":"closed","template":"","meta":{"_acf_changed":false,"_glsr_average":5,"_glsr_ranking":3.6363636363636,"_glsr_reviews":1},"product_brand":[],"product_cat":[262],"product_tag":[],"woo-feed-brand":[],"class_list":{"0":"post-34564","1":"product","2":"type-product","3":"status-publish","4":"has-post-thumbnail","6":"product_cat-cotton-cocktail-napkins-fr","8":"first","9":"instock","10":"taxable","11":"shipping-taxable","12":"purchasable","13":"product-type-simple"},"acf":[],"gallery_images":[34695,34697,34699,34701,34703,34705,34707,34709,34711,34713,34715,34717],"_links":{"self":[{"href":"https:\/\/us.mydrap.com\/fr\/wp-json\/wp\/v2\/product\/34564","targetHints":{"allow":["GET"]}}],"collection":[{"href":"https:\/\/us.mydrap.com\/fr\/wp-json\/wp\/v2\/product"}],"about":[{"href":"https:\/\/us.mydrap.com\/fr\/wp-json\/wp\/v2\/types\/product"}],"replies":[{"embeddable":true,"href":"https:\/\/us.mydrap.com\/fr\/wp-json\/wp\/v2\/comments?post=34564"}],"wp:featuredmedia":[{"embeddable":true,"href":"https:\/\/us.mydrap.com\/fr\/wp-json\/wp\/v2\/media\/33396"}],"wp:attachment":[{"href":"https:\/\/us.mydrap.com\/fr\/wp-json\/wp\/v2\/media?parent=34564"}],"wp:term":[{"taxonomy":"product_brand","embeddable":true,"href":"https:\/\/us.mydrap.com\/fr\/wp-json\/wp\/v2\/product_brand?post=34564"},{"taxonomy":"product_cat","embeddable":true,"href":"https:\/\/us.mydrap.com\/fr\/wp-json\/wp\/v2\/product_cat?post=34564"},{"taxonomy":"product_tag","embeddable":true,"href":"https:\/\/us.mydrap.com\/fr\/wp-json\/wp\/v2\/product_tag?post=34564"},{"taxonomy":"woo-feed-brand","embeddable":true,"href":"https:\/\/us.mydrap.com\/fr\/wp-json\/wp\/v2\/woo-feed-brand?post=34564"}],"curies":[{"name":"wp","href":"https:\/\/api.w.org\/{rel}","templated":true}]}}