{"id":34626,"date":"2022-01-20T17:33:33","date_gmt":"2022-01-20T22:33:33","guid":{"rendered":"https:\/\/us.mydrap.com\/product\/muslin-cotton-placemats-6-units\/"},"modified":"2024-10-21T11:24:08","modified_gmt":"2024-10-21T15:24:08","slug":"muslin-cotton-placemats-6-units","status":"publish","type":"product","link":"https:\/\/us.mydrap.com\/fr\/product\/muslin-cotton-placemats-6-units\/","title":{"rendered":"Muslin Coton Set de table 6 Unites"},"content":{"rendered":"<p>Les Sets de table Muslin MY DRAP sont sans couture, agr\u00e9ables au toucher et tr\u00e8s absorbantes. Ils sont r\u00e9utilisables (lavables) et, pour votre commodit\u00e9, sont pr\u00e9sent\u00e9s en rouleaux et en unit\u00e9s pr\u00e9d\u00e9coup\u00e9es, ce qui les rend faciles \u00e0 utiliser. Ces Sets de table Muslin sont une taille de 48&#215;32 cm et vous pouvez les combiner avec d&rsquo;autres produits de la m\u00eame collection, ou avec des sets de table et d&rsquo;autres serviettes de tailles et de couleurs diff\u00e9rentes. Ils contiennent 6 unit\u00e9s parfaitement repass\u00e9es et pr\u00eates \u00e0 \u00eatre utilis\u00e9es \u00e0 tout moment.<\/p>\n","protected":false},"excerpt":{"rendered":"MY DRAP Set de table 48x32cm &#8211; (  6 Per Roll, Coton Muslin )","protected":false},"featured_media":33519,"comment_status":"open","ping_status":"closed","template":"","meta":{"_acf_changed":false,"_glsr_average":0,"_glsr_ranking":0,"_glsr_reviews":0},"product_brand":[],"product_cat":[264],"product_tag":[],"woo-feed-brand":[340],"class_list":{"0":"post-34626","1":"product","2":"type-product","3":"status-publish","4":"has-post-thumbnail","6":"product_cat-cotton-placemats-fr","7":"woo-feed-brand-my-drap","8":"style-patterns","10":"first","11":"outofstock","12":"taxable","13":"shipping-taxable","14":"purchasable","15":"product-type-simple"},"acf":[],"gallery_images":[33520],"_links":{"self":[{"href":"https:\/\/us.mydrap.com\/fr\/wp-json\/wp\/v2\/product\/34626","targetHints":{"allow":["GET"]}}],"collection":[{"href":"https:\/\/us.mydrap.com\/fr\/wp-json\/wp\/v2\/product"}],"about":[{"href":"https:\/\/us.mydrap.com\/fr\/wp-json\/wp\/v2\/types\/product"}],"replies":[{"embeddable":true,"href":"https:\/\/us.mydrap.com\/fr\/wp-json\/wp\/v2\/comments?post=34626"}],"wp:featuredmedia":[{"embeddable":true,"href":"https:\/\/us.mydrap.com\/fr\/wp-json\/wp\/v2\/media\/33519"}],"wp:attachment":[{"href":"https:\/\/us.mydrap.com\/fr\/wp-json\/wp\/v2\/media?parent=34626"}],"wp:term":[{"taxonomy":"product_brand","embeddable":true,"href":"https:\/\/us.mydrap.com\/fr\/wp-json\/wp\/v2\/product_brand?post=34626"},{"taxonomy":"product_cat","embeddable":true,"href":"https:\/\/us.mydrap.com\/fr\/wp-json\/wp\/v2\/product_cat?post=34626"},{"taxonomy":"product_tag","embeddable":true,"href":"https:\/\/us.mydrap.com\/fr\/wp-json\/wp\/v2\/product_tag?post=34626"},{"taxonomy":"woo-feed-brand","embeddable":true,"href":"https:\/\/us.mydrap.com\/fr\/wp-json\/wp\/v2\/woo-feed-brand?post=34626"}],"curies":[{"name":"wp","href":"https:\/\/api.w.org\/{rel}","templated":true}]}}