{"id":34635,"date":"2022-01-20T17:33:07","date_gmt":"2022-01-20T22:33:07","guid":{"rendered":"https:\/\/us.mydrap.com\/product\/christmas-jumper-recycled-cotton-cocktail-napkins-20-units\/"},"modified":"2023-11-22T00:00:32","modified_gmt":"2023-11-22T05:00:32","slug":"christmas-jumper-recycled-cotton-cocktail-napkins-20-units","status":"publish","type":"product","link":"https:\/\/us.mydrap.com\/fr\/product\/christmas-jumper-recycled-cotton-cocktail-napkins-20-units\/","title":{"rendered":"Christmas Jumper Coton recycl\u00e9 20 Unites"},"content":{"rendered":"<p>Les Serviettes de table Christmas Jumper MY DRAP sont sans couture, agr\u00e9ables au toucher et tr\u00e8s absorbantes. Ils sont r\u00e9utilisables (lavables) et, pour votre commodit\u00e9, sont pr\u00e9sent\u00e9s en rouleaux et en unit\u00e9s pr\u00e9d\u00e9coup\u00e9es, ce qui les rend faciles \u00e0 utiliser. Ces Serviettes de table Christmas Jumper sont une taille de 11&#215;11 cm et vous pouvez les combiner avec d&rsquo;autres produits de la m\u00eame collection, ou avec des sets de table et d&rsquo;autres serviettes de tailles et de couleurs diff\u00e9rentes. Ils contiennent 20 unit\u00e9s parfaitement repass\u00e9es et pr\u00eates \u00e0 \u00eatre utilis\u00e9es \u00e0 tout moment.<\/p>\n","protected":false},"excerpt":{"rendered":"MY DRAP 11x11cm &#8211; (  20 Per Roll, Coton recycl\u00e9 Christmas Jumper )","protected":false},"featured_media":33499,"comment_status":"closed","ping_status":"closed","template":"","meta":{"_acf_changed":false,"_glsr_average":0,"_glsr_ranking":0,"_glsr_reviews":0},"product_brand":[],"product_cat":[269],"product_tag":[],"woo-feed-brand":[],"class_list":{"0":"post-34635","1":"product","2":"type-product","3":"status-publish","4":"has-post-thumbnail","6":"product_cat-recycled-cotton-cocktail-napkins-fr","8":"first","9":"outofstock","10":"sale","11":"taxable","12":"shipping-taxable","13":"purchasable","14":"product-type-simple"},"acf":[],"gallery_images":[33500,77111],"_links":{"self":[{"href":"https:\/\/us.mydrap.com\/fr\/wp-json\/wp\/v2\/product\/34635","targetHints":{"allow":["GET"]}}],"collection":[{"href":"https:\/\/us.mydrap.com\/fr\/wp-json\/wp\/v2\/product"}],"about":[{"href":"https:\/\/us.mydrap.com\/fr\/wp-json\/wp\/v2\/types\/product"}],"replies":[{"embeddable":true,"href":"https:\/\/us.mydrap.com\/fr\/wp-json\/wp\/v2\/comments?post=34635"}],"wp:featuredmedia":[{"embeddable":true,"href":"https:\/\/us.mydrap.com\/fr\/wp-json\/wp\/v2\/media\/33499"}],"wp:attachment":[{"href":"https:\/\/us.mydrap.com\/fr\/wp-json\/wp\/v2\/media?parent=34635"}],"wp:term":[{"taxonomy":"product_brand","embeddable":true,"href":"https:\/\/us.mydrap.com\/fr\/wp-json\/wp\/v2\/product_brand?post=34635"},{"taxonomy":"product_cat","embeddable":true,"href":"https:\/\/us.mydrap.com\/fr\/wp-json\/wp\/v2\/product_cat?post=34635"},{"taxonomy":"product_tag","embeddable":true,"href":"https:\/\/us.mydrap.com\/fr\/wp-json\/wp\/v2\/product_tag?post=34635"},{"taxonomy":"woo-feed-brand","embeddable":true,"href":"https:\/\/us.mydrap.com\/fr\/wp-json\/wp\/v2\/woo-feed-brand?post=34635"}],"curies":[{"name":"wp","href":"https:\/\/api.w.org\/{rel}","templated":true}]}}